{"id":358,"date":"2022-08-18T13:52:38","date_gmt":"2022-08-18T11:52:38","guid":{"rendered":"http:\/\/paralelatallercreativo.es\/?page_id=358"},"modified":"2024-06-23T21:18:59","modified_gmt":"2024-06-23T19:18:59","slug":"aviso-legal","status":"publish","type":"page","link":"https:\/\/paralela.es\/en\/aviso-legal\/","title":{"rendered":"Aviso Legal"},"content":{"rendered":"<div data-elementor-type=\"wp-page\" data-elementor-id=\"358\" class=\"elementor elementor-358\">\n\t\t\t\t\t\t\t\t\t<section data-particle_enable=\"false\" data-particle-mobile-disabled=\"false\" class=\"elementor-section elementor-top-section elementor-element elementor-element-bcdae1a elementor-section-boxed elementor-section-height-default elementor-section-height-default\" data-id=\"bcdae1a\" data-element_type=\"section\">\n\t\t\t\t\t\t<div class=\"elementor-container elementor-column-gap-no\">\n\t\t\t\t\t<div class=\"elementor-column elementor-col-100 elementor-top-column elementor-element elementor-element-ecf5f8b\" data-id=\"ecf5f8b\" data-element_type=\"column\">\n\t\t\t<div class=\"elementor-widget-wrap elementor-element-populated\">\n\t\t\t\t\t\t\t\t<div class=\"elementor-element elementor-element-c163130 elementor-widget elementor-widget-text-editor\" data-id=\"c163130\" data-element_type=\"widget\" data-widget_type=\"text-editor.default\">\n\t\t\t\t<div class=\"elementor-widget-container\">\n\t\t\t<style>\/*! elementor - v3.7.0 - 08-08-2022 *\/\n.elementor-widget-text-editor.elementor-drop-cap-view-stacked .elementor-drop-cap{background-color:#818a91;color:#fff}.elementor-widget-text-editor.elementor-drop-cap-view-framed .elementor-drop-cap{color:#818a91;border:3px solid;background-color:transparent}.elementor-widget-text-editor:not(.elementor-drop-cap-view-default) .elementor-drop-cap{margin-top:8px}.elementor-widget-text-editor:not(.elementor-drop-cap-view-default) .elementor-drop-cap-letter{width:1em;height:1em}.elementor-widget-text-editor .elementor-drop-cap{float:left;text-align:center;line-height:1;font-size:50px}.elementor-widget-text-editor .elementor-drop-cap-letter{display:inline-block}<\/style>\t\t\t\t<p>PARALELA TALLER CREATIVO S.L., responsable del sitio web, en adelante responsable, pone a disposici\u00f3n de los usuarios el presente documento, con el que pretende dar cumplimiento a las obligaciones dispuestas en la Ley 34\/2002, de 11 de julio, de Servicios de la Sociedad de la Informaci\u00f3n y de Comercio Electr\u00f3nico (LSSICE), BOE N \u00ba 166, as\u00ed como informar a todos los usuarios del sitio web respecto a cu\u00e1les son las condiciones de uso.<\/p><p>Toda persona que acceda a este sitio web asume el papel de usuario, comprometi\u00e9ndose a la observancia y cumplimiento riguroso de las disposiciones aqu\u00ed dispuestas, as\u00ed como a cualquier otra disposici\u00f3n legal que fuera de aplicaci\u00f3n.<\/p><p>PARALELA TALLER CREATIVO S.L. se reserva el derecho de modificar cualquier tipo de informaci\u00f3n que pudiera aparecer en el sitio web, sin que exista obligaci\u00f3n de preavisar o poner en conocimiento de los usuarios dichas obligaciones, entendi\u00e9ndose como suficiente con la publicaci\u00f3n en el sitio web de PARALELA TALLER CREATIVO S.L.<\/p><p><strong>Datos:<\/strong><\/p><p>Dominio: www.paralela.es<\/p><p>Nombre Comercial: PARALELA.ES<\/p><p>Denominaci\u00f3n Social: PARALELA TALLER CREATIVO S.L.<\/p><p>CIF: B04925657<\/p><p>Domicilio Social: C\/ Andaluc\u00eda s\/n, 04800 Albox (Almer\u00eda)<\/p><p>Tel\u00e9fono: +34 629 07 21 22<\/p><p>e-mail: info@paralela.es<\/p><p>Registro:\u00a0<\/p><p><b>Derechos de Propiedad Intelectual e Industrial<\/b><\/p><p>El sitio web, incluyendo a t\u00edtulo enunciativo pero no limitativo su programaci\u00f3n, edici\u00f3n, compilaci\u00f3n y dem\u00e1s elementos necesarios para su funcionamiento, los dise\u00f1os, logotipos, texto y\/o gr\u00e1ficos, son propiedad del responsable o, si es el caso, dispone de licencia o autorizaci\u00f3n expresa por parte de los autores. Todos los contenidos del sitio web se encuentran debidamente protegidos por la normativa de propiedad intelectual e industrial, as\u00ed como inscritos en los registros p\u00fablicos correspondientes.<\/p><p>Independientemente de la finalidad para la que fueran destinados, la reproducci\u00f3n total o parcial, uso, explotaci\u00f3n, distribuci\u00f3n y comercializaci\u00f3n, requiere en todo caso de la autorizaci\u00f3n escrita previa por parte del responsable. Cualquier uso no autorizado previamente se considera un incumplimiento grave de los derechos de propiedad intelectual o industrial del autor.<\/p><p>Los dise\u00f1os, logotipos, texto y\/o gr\u00e1ficos ajenos al responsable y que pudieran aparecer en el sitio web, pertenecen a sus respectivos propietarios, siendo ellos mismos responsables de cualquier posible controversia que pudiera suscitarse respecto a los mismos. El responsable autoriza expresamente a que terceros puedan redirigir directamente a los contenidos concretos del sitio web, y en todo caso redirigir al sitio web principal de www. paralela.es.<\/p><p>El responsable reconoce a favor de sus titulares los correspondientes derechos de propiedad intelectual e industrial, no implicando su sola menci\u00f3n o aparici\u00f3n en el sitio web la existencia de derechos o responsabilidad alguna sobre los mismos, como tampoco respaldo, patrocinio o recomendaci\u00f3n por parte del mismo.<\/p><p>Para realizar cualquier tipo de observaci\u00f3n respecto a posibles incumplimientos de los derechos de propiedad intelectual o industrial, as\u00ed como sobre cualquiera de los contenidos del sitio web, puede hacerlo a trav\u00e9s del correo electr\u00f3nico info@paralela.es<\/p><p><b>Exenci\u00f3n de Responsabilidades<\/b><\/p><p>El responsable se exime de cualquier tipo de responsabilidad derivada de la informaci\u00f3n publicada en su sitio web siempre que esta informaci\u00f3n haya sido manipulada o introducida por un tercero ajeno al mismo.<\/p><p><b>Pol\u00edtica de enlaces<\/b><\/p><p>Desde el sitio web, es posible que se redirija a contenidos de terceros sitios web. Dado que el responsable no puede controlar siempre los contenidos introducidos por los terceros en sus respectivos sitios web, no asume ning\u00fan tipo de responsabilidad respecto a dichos contenidos. En todo caso, proceder\u00e1 a la retirada inmediata de cualquier contenido que pudiera contravenir la legislaci\u00f3n nacional o internacional, la moral o el orden p\u00fablico, procediendo a la retirada inmediata de la redirecci\u00f3n a dicho sitio web, poniendo en conocimiento de las autoridades competentes el contenido en cuesti\u00f3n.<\/p><p>El responsable no se hace responsable de la informaci\u00f3n y contenidos almacenados, a t\u00edtulo enunciativo pero no limitativo, en foros, chats, generadores de blogs, comentarios, redes sociales o cualquier otro medio que permita a terceros publicar contenidos de forma independiente en la p\u00e1gina web del responsable. Sin embargo, y en cumplimiento de lo dispuesto en los art\u00edculos 11 y 16 de la LSSICE, se pone a disposici\u00f3n de todos los usuarios, autoridades y fuerzas de seguridad, colaborando de forma activa en la retirada o, en su caso, bloqueo de todos aquellos contenidos que puedan afectar o contravenir la legislaci\u00f3n nacional o internacional, los derechos de terceros o la moral y el orden p\u00fablico. En caso de que el usuario considere que existe en el sitio web alg\u00fan contenido que pudiera ser susceptible de esta clasificaci\u00f3n, se ruega lo notifique de forma inmediata al administrador del sitio web.<\/p><p>Este sitio web ha sido revisado y probado para que funcione correctamente. En principio, puede garantizarse el correcto funcionamiento los 365 d\u00edas del a\u00f1o, 24 horas al d\u00eda. Sin embargo, el Responsable no descarta la posibilidad de que existan ciertos errores de programaci\u00f3n, o que acontezcan causas de fuerza mayor, cat\u00e1strofes naturales, huelgas o circunstancias semejantes que hagan imposible el acceso a la p\u00e1gina web.<\/p><p><b>Direcciones IP<\/b><\/p><p>Los servidores del sitio web podr\u00e1n detectar de manera autom\u00e1tica la direcci\u00f3n IP y el nombre de dominio utilizados por el usuario. Una direcci\u00f3n IP es un n\u00famero asignado autom\u00e1ticamente a un ordenador cuando \u00e9ste se conecta a Internet. Toda esta informaci\u00f3n es registrada en un fichero de actividad del servidor debidamente inscrito que permite el posterior procesamiento de los datos con el fin de obtener mediciones \u00fanicamente estad\u00edsticas que permitan conocer el n\u00famero de impresiones de p\u00e1ginas, el n\u00famero de visitas realizadas a los servidores web, el orden de visitas, el punto de acceso, etc.<\/p><p><b>Ley aplicable y jurisdicci\u00f3n<\/b><\/p><p>Para la resoluci\u00f3n de todas las controversias o cuestiones relacionadas con el presente sitio web o de las actividades en \u00e9l desarrolladas, ser\u00e1 de aplicaci\u00f3n la legislaci\u00f3n espa\u00f1ola, a la que se someten expresamente las partes, siendo competentes para la resoluci\u00f3n de todos los conflictos derivados o relacionados con su uso los Juzgados y Tribunales de domicilio del Usuario, siempre que el mismo est\u00e9 situado en territorio espa\u00f1ol.<\/p>\t\t\t\t\t\t<\/div>\n\t\t\t\t<\/div>\n\t\t\t\t<div class=\"elementor-element elementor-element-b35a93b elementor-align-center elementor-widget elementor-widget-button\" data-id=\"b35a93b\" data-element_type=\"widget\" data-widget_type=\"button.default\">\n\t\t\t\t<div class=\"elementor-widget-container\">\n\t\t\t\t\t<div class=\"elementor-button-wrapper\">\n\t\t\t<a href=\"https:\/\/paralela.es\/en\" class=\"elementor-button-link elementor-button elementor-size-xs\" role=\"button\">\n\t\t\t\t\t\t<span class=\"elementor-button-content-wrapper\">\n\t\t\t\t\t\t<span class=\"elementor-button-text\">VOLVER A INICIO<\/span>\n\t\t<\/span>\n\t\t\t\t\t<\/a>\n\t\t<\/div>\n\t\t\t\t<\/div>\n\t\t\t\t<\/div>\n\t\t\t\t\t<\/div>\n\t\t<\/div>\n\t\t\t\t\t\t\t<\/div>\n\t\t<\/section>\n\t\t\t\t\t\t\t<\/div>","protected":false},"excerpt":{"rendered":"<p>PARALELA TALLER CREATIVO S.L., responsable del sitio web, en adelante responsable, pone a disposici\u00f3n de los usuarios el presente documento, con el que pretende dar cumplimiento a las obligaciones dispuestas en la Ley 34\/2002, de 11 de julio, de Servicios de la Sociedad de la Informaci\u00f3n y de Comercio Electr\u00f3nico (LSSICE), BOE N \u00ba 166, [&hellip;]<\/p>","protected":false},"author":2,"featured_media":0,"parent":0,"menu_order":99,"comment_status":"closed","ping_status":"closed","template":"","meta":{"_acf_changed":false,"footnotes":""},"class_list":["post-358","page","type-page","status-publish","hentry"],"acf":[],"yoast_head":"<!-- This site is optimized with the Yoast SEO plugin v22.9 - https:\/\/yoast.com\/wordpress\/plugins\/seo\/ -->\n<title>Aviso Legal - Paralela Taller Creativo<\/title>\n<meta name=\"description\" content=\"P\u00e1gina de aviso legal de Paralela Taller Creativo. Desarrollamos trabajos integrales de arquitectura, interiorismo y dise\u00f1o.\" \/>\n<meta name=\"robots\" content=\"index, follow, max-snippet:-1, max-image-preview:large, max-video-preview:-1\" \/>\n<link rel=\"canonical\" href=\"https:\/\/paralela.es\/en\/aviso-legal\/\" \/>\n<meta property=\"og:locale\" content=\"en_US\" \/>\n<meta property=\"og:type\" content=\"article\" \/>\n<meta property=\"og:title\" content=\"Aviso Legal - Paralela Taller Creativo\" \/>\n<meta property=\"og:description\" content=\"P\u00e1gina de aviso legal de Paralela Taller Creativo. Desarrollamos trabajos integrales de arquitectura, interiorismo y dise\u00f1o.\" \/>\n<meta property=\"og:url\" content=\"https:\/\/paralela.es\/en\/aviso-legal\/\" \/>\n<meta property=\"og:site_name\" content=\"Paralela Taller Creativo\" \/>\n<meta property=\"article:modified_time\" content=\"2024-06-23T19:18:59+00:00\" \/>\n<meta name=\"twitter:card\" content=\"summary_large_image\" \/>\n<meta name=\"twitter:label1\" content=\"Est. reading time\" \/>\n\t<meta name=\"twitter:data1\" content=\"5 minutes\" \/>\n<script type=\"application\/ld+json\" class=\"yoast-schema-graph\">{\"@context\":\"https:\/\/schema.org\",\"@graph\":[{\"@type\":\"WebPage\",\"@id\":\"https:\/\/paralela.es\/aviso-legal\/\",\"url\":\"https:\/\/paralela.es\/aviso-legal\/\",\"name\":\"Aviso Legal - Paralela Taller Creativo\",\"isPartOf\":{\"@id\":\"https:\/\/paralela.es\/#website\"},\"datePublished\":\"2022-08-18T11:52:38+00:00\",\"dateModified\":\"2024-06-23T19:18:59+00:00\",\"description\":\"P\u00e1gina de aviso legal de Paralela Taller Creativo. Desarrollamos trabajos integrales de arquitectura, interiorismo y dise\u00f1o.\",\"breadcrumb\":{\"@id\":\"https:\/\/paralela.es\/aviso-legal\/#breadcrumb\"},\"inLanguage\":\"en-US\",\"potentialAction\":[{\"@type\":\"ReadAction\",\"target\":[\"https:\/\/paralela.es\/aviso-legal\/\"]}]},{\"@type\":\"BreadcrumbList\",\"@id\":\"https:\/\/paralela.es\/aviso-legal\/#breadcrumb\",\"itemListElement\":[{\"@type\":\"ListItem\",\"position\":1,\"name\":\"Portada\",\"item\":\"https:\/\/paralela.es\/\"},{\"@type\":\"ListItem\",\"position\":2,\"name\":\"Aviso Legal\"}]},{\"@type\":\"WebSite\",\"@id\":\"https:\/\/paralela.es\/#website\",\"url\":\"https:\/\/paralela.es\/\",\"name\":\"Paralela Taller Creativo\",\"description\":\"Taller Creativo de arquitectura, interiorismo y dise\u00f1o.\",\"publisher\":{\"@id\":\"https:\/\/paralela.es\/#organization\"},\"alternateName\":\"Paralela\",\"potentialAction\":[{\"@type\":\"SearchAction\",\"target\":{\"@type\":\"EntryPoint\",\"urlTemplate\":\"https:\/\/paralela.es\/?s={search_term_string}\"},\"query-input\":\"required name=search_term_string\"}],\"inLanguage\":\"en-US\"},{\"@type\":\"Organization\",\"@id\":\"https:\/\/paralela.es\/#organization\",\"name\":\"Paralela\",\"url\":\"https:\/\/paralela.es\/\",\"logo\":{\"@type\":\"ImageObject\",\"inLanguage\":\"en-US\",\"@id\":\"https:\/\/paralela.es\/#\/schema\/logo\/image\/\",\"url\":\"https:\/\/paralela.es\/wp-content\/uploads\/2022\/08\/logo-paralela.png\",\"contentUrl\":\"https:\/\/paralela.es\/wp-content\/uploads\/2022\/08\/logo-paralela.png\",\"width\":720,\"height\":337,\"caption\":\"Paralela\"},\"image\":{\"@id\":\"https:\/\/paralela.es\/#\/schema\/logo\/image\/\"}}]}<\/script>\n<!-- \/ Yoast SEO plugin. -->","yoast_head_json":{"title":"Aviso Legal - Paralela Taller Creativo","description":"P\u00e1gina de aviso legal de Paralela Taller Creativo. Desarrollamos trabajos integrales de arquitectura, interiorismo y dise\u00f1o.","robots":{"index":"index","follow":"follow","max-snippet":"max-snippet:-1","max-image-preview":"max-image-preview:large","max-video-preview":"max-video-preview:-1"},"canonical":"https:\/\/paralela.es\/en\/aviso-legal\/","og_locale":"en_US","og_type":"article","og_title":"Aviso Legal - Paralela Taller Creativo","og_description":"P\u00e1gina de aviso legal de Paralela Taller Creativo. Desarrollamos trabajos integrales de arquitectura, interiorismo y dise\u00f1o.","og_url":"https:\/\/paralela.es\/en\/aviso-legal\/","og_site_name":"Paralela Taller Creativo","article_modified_time":"2024-06-23T19:18:59+00:00","twitter_card":"summary_large_image","twitter_misc":{"Est. reading time":"5 minutes"},"schema":{"@context":"https:\/\/schema.org","@graph":[{"@type":"WebPage","@id":"https:\/\/paralela.es\/aviso-legal\/","url":"https:\/\/paralela.es\/aviso-legal\/","name":"Aviso Legal - Paralela Taller Creativo","isPartOf":{"@id":"https:\/\/paralela.es\/#website"},"datePublished":"2022-08-18T11:52:38+00:00","dateModified":"2024-06-23T19:18:59+00:00","description":"P\u00e1gina de aviso legal de Paralela Taller Creativo. Desarrollamos trabajos integrales de arquitectura, interiorismo y dise\u00f1o.","breadcrumb":{"@id":"https:\/\/paralela.es\/aviso-legal\/#breadcrumb"},"inLanguage":"en-US","potentialAction":[{"@type":"ReadAction","target":["https:\/\/paralela.es\/aviso-legal\/"]}]},{"@type":"BreadcrumbList","@id":"https:\/\/paralela.es\/aviso-legal\/#breadcrumb","itemListElement":[{"@type":"ListItem","position":1,"name":"Portada","item":"https:\/\/paralela.es\/"},{"@type":"ListItem","position":2,"name":"Aviso Legal"}]},{"@type":"WebSite","@id":"https:\/\/paralela.es\/#website","url":"https:\/\/paralela.es\/","name":"Paralela Taller Creativo","description":"Taller Creativo de arquitectura, interiorismo y dise\u00f1o.","publisher":{"@id":"https:\/\/paralela.es\/#organization"},"alternateName":"Paralela","potentialAction":[{"@type":"SearchAction","target":{"@type":"EntryPoint","urlTemplate":"https:\/\/paralela.es\/?s={search_term_string}"},"query-input":"required name=search_term_string"}],"inLanguage":"en-US"},{"@type":"Organization","@id":"https:\/\/paralela.es\/#organization","name":"Paralela","url":"https:\/\/paralela.es\/","logo":{"@type":"ImageObject","inLanguage":"en-US","@id":"https:\/\/paralela.es\/#\/schema\/logo\/image\/","url":"https:\/\/paralela.es\/wp-content\/uploads\/2022\/08\/logo-paralela.png","contentUrl":"https:\/\/paralela.es\/wp-content\/uploads\/2022\/08\/logo-paralela.png","width":720,"height":337,"caption":"Paralela"},"image":{"@id":"https:\/\/paralela.es\/#\/schema\/logo\/image\/"}}]}},"_links":{"self":[{"href":"https:\/\/paralela.es\/en\/wp-json\/wp\/v2\/pages\/358","targetHints":{"allow":["GET"]}}],"collection":[{"href":"https:\/\/paralela.es\/en\/wp-json\/wp\/v2\/pages"}],"about":[{"href":"https:\/\/paralela.es\/en\/wp-json\/wp\/v2\/types\/page"}],"author":[{"embeddable":true,"href":"https:\/\/paralela.es\/en\/wp-json\/wp\/v2\/users\/2"}],"replies":[{"embeddable":true,"href":"https:\/\/paralela.es\/en\/wp-json\/wp\/v2\/comments?post=358"}],"version-history":[{"count":22,"href":"https:\/\/paralela.es\/en\/wp-json\/wp\/v2\/pages\/358\/revisions"}],"predecessor-version":[{"id":2867,"href":"https:\/\/paralela.es\/en\/wp-json\/wp\/v2\/pages\/358\/revisions\/2867"}],"wp:attachment":[{"href":"https:\/\/paralela.es\/en\/wp-json\/wp\/v2\/media?parent=358"}],"curies":[{"name":"wp","href":"https:\/\/api.w.org\/{rel}","templated":true}]}}